{"id":939,"date":"2020-07-23T14:01:42","date_gmt":"2020-07-23T12:01:42","guid":{"rendered":"https:\/\/passdeck.de\/?page_id=939"},"modified":"2026-03-04T14:09:38","modified_gmt":"2026-03-04T13:09:38","slug":"imprint","status":"publish","type":"page","link":"https:\/\/passdeck.de\/en\/impressum\/","title":{"rendered":"Imprint"},"content":{"rendered":"\t\t<div data-elementor-type=\"wp-page\" data-elementor-id=\"939\" class=\"elementor elementor-939\" data-elementor-post-type=\"page\">\n\t\t\t\t\t\t<section class=\"elementor-section elementor-top-section elementor-element elementor-element-31e7f869 elementor-section-boxed elementor-section-height-default elementor-section-height-default\" data-id=\"31e7f869\" data-element_type=\"section\" data-e-type=\"section\" data-settings=\"{&quot;jet_parallax_layout_list&quot;:[{&quot;_id&quot;:&quot;f106422&quot;,&quot;jet_parallax_layout_speed&quot;:{&quot;unit&quot;:&quot;%&quot;,&quot;size&quot;:&quot;50&quot;,&quot;sizes&quot;:[]},&quot;jet_parallax_layout_bg_x&quot;:&quot;50&quot;,&quot;jet_parallax_layout_bg_y&quot;:&quot;50&quot;,&quot;jet_parallax_layout_image&quot;:{&quot;url&quot;:&quot;&quot;,&quot;id&quot;:&quot;&quot;,&quot;size&quot;:&quot;&quot;},&quot;jet_parallax_layout_image_tablet&quot;:{&quot;url&quot;:&quot;&quot;,&quot;id&quot;:&quot;&quot;,&quot;size&quot;:&quot;&quot;},&quot;jet_parallax_layout_image_mobile&quot;:{&quot;url&quot;:&quot;&quot;,&quot;id&quot;:&quot;&quot;,&quot;size&quot;:&quot;&quot;},&quot;jet_parallax_layout_type&quot;:&quot;scroll&quot;,&quot;jet_parallax_layout_direction&quot;:&quot;1&quot;,&quot;jet_parallax_layout_fx_direction&quot;:null,&quot;jet_parallax_layout_z_index&quot;:&quot;&quot;,&quot;jet_parallax_layout_bg_x_tablet&quot;:&quot;&quot;,&quot;jet_parallax_layout_bg_x_mobile&quot;:&quot;&quot;,&quot;jet_parallax_layout_bg_y_tablet&quot;:&quot;&quot;,&quot;jet_parallax_layout_bg_y_mobile&quot;:&quot;&quot;,&quot;jet_parallax_layout_bg_size&quot;:&quot;auto&quot;,&quot;jet_parallax_layout_bg_size_tablet&quot;:&quot;&quot;,&quot;jet_parallax_layout_bg_size_mobile&quot;:&quot;&quot;,&quot;jet_parallax_layout_animation_prop&quot;:&quot;transform&quot;,&quot;jet_parallax_layout_on&quot;:[&quot;desktop&quot;,&quot;tablet&quot;]}],&quot;background_background&quot;:&quot;classic&quot;}\">\n\t\t\t\t\t\t<div class=\"elementor-container elementor-column-gap-no\">\n\t\t\t\t\t<div class=\"elementor-column elementor-col-100 elementor-top-column elementor-element elementor-element-6770b253\" data-id=\"6770b253\" data-element_type=\"column\" data-e-type=\"column\">\n\t\t\t<div class=\"elementor-widget-wrap elementor-element-populated\">\n\t\t\t\t\t\t<div class=\"elementor-element elementor-element-6d5a5a4b elementor-widget elementor-widget-heading\" data-id=\"6d5a5a4b\" data-element_type=\"widget\" data-e-type=\"widget\" data-widget_type=\"heading.default\">\n\t\t\t\t<div class=\"elementor-widget-container\">\n\t\t\t\t\t<h1 class=\"elementor-heading-title elementor-size-default\">Impressum<\/h1>\t\t\t\t<\/div>\n\t\t\t\t<\/div>\n\t\t\t\t\t<\/div>\n\t\t<\/div>\n\t\t\t\t\t<\/div>\n\t\t<\/section>\n\t\t\t\t<section class=\"elementor-section elementor-top-section elementor-element elementor-element-eee004a elementor-section-boxed elementor-section-height-default elementor-section-height-default\" data-id=\"eee004a\" data-element_type=\"section\" data-e-type=\"section\" data-settings=\"{&quot;jet_parallax_layout_list&quot;:[{&quot;_id&quot;:&quot;48e860e&quot;,&quot;jet_parallax_layout_speed&quot;:{&quot;unit&quot;:&quot;%&quot;,&quot;size&quot;:&quot;50&quot;,&quot;sizes&quot;:[]},&quot;jet_parallax_layout_bg_x&quot;:&quot;50&quot;,&quot;jet_parallax_layout_bg_y&quot;:&quot;50&quot;,&quot;jet_parallax_layout_image&quot;:{&quot;url&quot;:&quot;&quot;,&quot;id&quot;:&quot;&quot;,&quot;size&quot;:&quot;&quot;},&quot;jet_parallax_layout_image_tablet&quot;:{&quot;url&quot;:&quot;&quot;,&quot;id&quot;:&quot;&quot;,&quot;size&quot;:&quot;&quot;},&quot;jet_parallax_layout_image_mobile&quot;:{&quot;url&quot;:&quot;&quot;,&quot;id&quot;:&quot;&quot;,&quot;size&quot;:&quot;&quot;},&quot;jet_parallax_layout_type&quot;:&quot;scroll&quot;,&quot;jet_parallax_layout_direction&quot;:&quot;1&quot;,&quot;jet_parallax_layout_fx_direction&quot;:null,&quot;jet_parallax_layout_z_index&quot;:&quot;&quot;,&quot;jet_parallax_layout_bg_x_tablet&quot;:&quot;&quot;,&quot;jet_parallax_layout_bg_x_mobile&quot;:&quot;&quot;,&quot;jet_parallax_layout_bg_y_tablet&quot;:&quot;&quot;,&quot;jet_parallax_layout_bg_y_mobile&quot;:&quot;&quot;,&quot;jet_parallax_layout_bg_size&quot;:&quot;auto&quot;,&quot;jet_parallax_layout_bg_size_tablet&quot;:&quot;&quot;,&quot;jet_parallax_layout_bg_size_mobile&quot;:&quot;&quot;,&quot;jet_parallax_layout_animation_prop&quot;:&quot;transform&quot;,&quot;jet_parallax_layout_on&quot;:[&quot;desktop&quot;,&quot;tablet&quot;]}]}\">\n\t\t\t\t\t\t<div class=\"elementor-container elementor-column-gap-no\">\n\t\t\t\t\t<div class=\"elementor-column elementor-col-100 elementor-top-column elementor-element elementor-element-7cbf455b\" data-id=\"7cbf455b\" data-element_type=\"column\" data-e-type=\"column\">\n\t\t\t<div class=\"elementor-widget-wrap elementor-element-populated\">\n\t\t\t\t\t\t<div class=\"elementor-element elementor-element-2f050d6a elementor-widget elementor-widget-heading\" data-id=\"2f050d6a\" data-element_type=\"widget\" data-e-type=\"widget\" data-widget_type=\"heading.default\">\n\t\t\t\t<div class=\"elementor-widget-container\">\n\t\t\t\t\t<h6 class=\"elementor-heading-title elementor-size-default\">ANGABEN GEM\u00c4SS \u00a7 5 TMG<\/h6>\t\t\t\t<\/div>\n\t\t\t\t<\/div>\n\t\t\t\t<div class=\"elementor-element elementor-element-98e332a elementor-widget elementor-widget-text-editor\" data-id=\"98e332a\" data-element_type=\"widget\" data-e-type=\"widget\" data-widget_type=\"text-editor.default\">\n\t\t\t\t<div class=\"elementor-widget-container\">\n\t\t\t\t\t\t\t\t\t<p><strong>Zenker Design GmbH<\/strong><br \/>c\/o PassDeck<br \/>Europaplatz 2<br \/>10557 Berlin<\/p><p>Umsatzsteuer-Identifikationsnummer gem\u00e4\u00df \u00a7 27a Umsatzsteuergesetz: DE457758598<\/p><p>Handelsregister: DE457758598<br \/>Registergericht: Amtsgericht Charlottenburg<\/p><p><strong>Vertreten durch den Gesch\u00e4ftsf\u00fchrer:<\/strong><br \/>Manuel Zenker<\/p><p><strong>Kontakt<br \/><\/strong>Tel.: +49(30)4036824-50<br \/>E-Mail: kontakt@passdeck.de<br \/><strong><br \/>Redaktionell verantwortlich<br \/><\/strong>Manuel Zenker<\/p><p><strong>HAFTUNG F\u00dcR INHALTE<\/strong><\/p><p>Als Diensteanbieter sind wir gem\u00e4\u00df \u00a7 7 Abs.1 TMG f\u00fcr eigene Inhalte auf diesen Seiten nach den allgemeinen Gesetzen verantwortlich. Nach \u00a7\u00a7 8 bis 10 TMG sind wir als Diensteanbieter jedoch nicht verpflichtet, \u00fcbermittelte oder gespeicherte fremde Informationen zu \u00fcberwachen oder nach Umst\u00e4nden zu forschen, die auf eine rechtswidrige T\u00e4tigkeit hinweisen.<\/p><p>Verpflichtungen zur Entfernung oder Sperrung der Nutzung von Informationen nach den allgemeinen Gesetzen bleiben hiervon unber\u00fchrt. Eine diesbez\u00fcgliche Haftung ist jedoch erst ab dem Zeitpunkt der Kenntnis einer konkreten Rechtsverletzung m\u00f6glich. Bei Bekanntwerden von entsprechenden Rechtsverletzungen werden wir diese Inhalte umgehend entfernen.<\/p><p><strong>HAFTUNG F\u00dcR LINKS<\/strong><\/p><p>Unser Angebot enth\u00e4lt Links zu externen Websites Dritter, auf deren Inhalte wir keinen Einfluss haben. Deshalb k\u00f6nnen wir f\u00fcr diese fremden Inhalte auch keine Gew\u00e4hr \u00fcbernehmen. F\u00fcr die Inhalte der verlinkten Seiten ist stets der jeweilige Anbieter oder Betreiber der Seiten verantwortlich. Die verlinkten Seiten wurden zum Zeitpunkt der Verlinkung auf m\u00f6gliche Rechtsverst\u00f6\u00dfe \u00fcberpr\u00fcft. Rechtswidrige Inhalte waren zum Zeitpunkt der Verlinkung nicht erkennbar.<\/p><p>Eine permanente inhaltliche Kontrolle der verlinkten Seiten ist jedoch ohne konkrete Anhaltspunkte einer Rechtsverletzung nicht zumutbar. Bei Bekanntwerden von Rechtsverletzungen werden wir derartige Links umgehend entfernen.<\/p><p><strong>URHEBERRECHT<\/strong><\/p><p>Die durch die Seitenbetreiber erstellten Inhalte und Werke auf diesen Seiten unterliegen dem deutschen Urheberrecht. Die Vervielf\u00e4ltigung, Bearbeitung, Verbreitung und jede Art der Verwertung au\u00dferhalb der Grenzen des Urheberrechtes bed\u00fcrfen der schriftlichen Zustimmung des jeweiligen Autors bzw. Erstellers. Downloads und Kopien dieser Seite sind nur f\u00fcr den privaten, nicht kommerziellen Gebrauch gestattet.<\/p><p>Soweit die Inhalte auf dieser Seite nicht vom Betreiber erstellt wurden, werden die Urheberrechte Dritter beachtet. Insbesondere werden Inhalte Dritter als solche gekennzeichnet. Sollten Sie trotzdem auf eine Urheberrechtsverletzung aufmerksam werden, bitten wir um einen entsprechenden Hinweis. Bei Bekanntwerden von Rechtsverletzungen werden wir derartige Inhalte umgehend entfernen.<\/p><p><strong>STREITSCHLICHTUNG<\/strong><\/p><p>Die Europ\u00e4ische Kommission stellt eine Plattform zur Online-Streitbeilegung (OS) bereit: https:\/\/ec.europa.eu\/consumers\/odr.<br \/>Meine E-Mail-Adresse finden Sie oben im Impressum. Ich bin nicht bereit oder verpflichtet, an Streitbeilegungsverfahren vor einer Verbraucherschlichtungsstelle teilzunehmen.<\/p>\t\t\t\t\t\t\t\t<\/div>\n\t\t\t\t<\/div>\n\t\t\t\t\t<\/div>\n\t\t<\/div>\n\t\t\t\t\t<\/div>\n\t\t<\/section>\n\t\t\t\t<\/div>\n\t\t","protected":false},"excerpt":{"rendered":"<p>Impressum ANGABEN GEM\u00c4SS \u00a7 5 TMG Zenker Design GmbHc\/o PassDeckEuropaplatz 210557 Berlin Umsatzsteuer-Identifikationsnummer gem\u00e4\u00df \u00a7 27a Umsatzsteuergesetz: DE457758598 Handelsregister: DE457758598Registergericht: Amtsgericht Charlottenburg Vertreten durch den Gesch\u00e4ftsf\u00fchrer:Manuel Zenker KontaktTel.: +49(30)4036824-50E-Mail: kontakt@passdeck.deRedaktionell verantwortlichManuel Zenker HAFTUNG F\u00dcR INHALTE Als Diensteanbieter sind wir gem\u00e4\u00df \u00a7 7 Abs.1 TMG f\u00fcr eigene Inhalte auf diesen Seiten nach den allgemeinen Gesetzen verantwortlich. [&hellip;]<\/p>\n","protected":false},"author":1,"featured_media":809,"parent":0,"menu_order":0,"comment_status":"closed","ping_status":"closed","template":"full-width.php","meta":{"_acf_changed":false,"footnotes":""},"class_list":["post-939","page","type-page","status-publish","has-post-thumbnail","hentry"],"acf":[],"yoast_head":"<!-- This site is optimized with the Yoast SEO plugin v27.6 - https:\/\/yoast.com\/product\/yoast-seo-wordpress\/ -->\n<title>Impressum - PassDeck<\/title>\n<meta name=\"description\" content=\"ZENKER DESIGN, Europaplatz 2, 10557 Berlin. KONTAKT: Tel.: +49 (30)2332636-20, Fax: +49 (30)2332636-21, E-Mail: kontakt@passdeck.de\" \/>\n<meta name=\"robots\" content=\"index, follow, max-snippet:-1, max-image-preview:large, max-video-preview:-1\" \/>\n<link rel=\"canonical\" href=\"https:\/\/passdeck.de\/en\/imprint\/\" \/>\n<meta property=\"og:locale\" content=\"en_US\" \/>\n<meta property=\"og:type\" content=\"article\" \/>\n<meta property=\"og:title\" content=\"Impressum - PassDeck\" \/>\n<meta property=\"og:description\" content=\"ZENKER DESIGN, Europaplatz 2, 10557 Berlin. KONTAKT: Tel.: +49 (30)2332636-20, Fax: +49 (30)2332636-21, E-Mail: kontakt@passdeck.de\" \/>\n<meta property=\"og:url\" content=\"https:\/\/passdeck.de\/en\/imprint\/\" \/>\n<meta property=\"og:site_name\" content=\"PassDeck\" \/>\n<meta property=\"article:publisher\" content=\"https:\/\/www.facebook.com\/passdeck\/\" \/>\n<meta property=\"article:modified_time\" content=\"2026-03-04T13:09:38+00:00\" \/>\n<meta property=\"og:image\" content=\"https:\/\/passdeck.de\/wp-content\/uploads\/2020\/07\/Illustration_features_passdeck.png\" \/>\n\t<meta property=\"og:image:width\" content=\"781\" \/>\n\t<meta property=\"og:image:height\" content=\"952\" \/>\n\t<meta property=\"og:image:type\" content=\"image\/png\" \/>\n<meta name=\"twitter:card\" content=\"summary_large_image\" \/>\n<meta name=\"twitter:label1\" content=\"Est. reading time\" \/>\n\t<meta name=\"twitter:data1\" content=\"3 minutes\" \/>\n<script type=\"application\/ld+json\" class=\"yoast-schema-graph\">{\"@context\":\"https:\\\/\\\/schema.org\",\"@graph\":[{\"@type\":\"WebPage\",\"@id\":\"https:\\\/\\\/passdeck.de\\\/impressum\\\/\",\"url\":\"https:\\\/\\\/passdeck.de\\\/impressum\\\/\",\"name\":\"Impressum - PassDeck\",\"isPartOf\":{\"@id\":\"https:\\\/\\\/passdeck.de\\\/#website\"},\"primaryImageOfPage\":{\"@id\":\"https:\\\/\\\/passdeck.de\\\/impressum\\\/#primaryimage\"},\"image\":{\"@id\":\"https:\\\/\\\/passdeck.de\\\/impressum\\\/#primaryimage\"},\"thumbnailUrl\":\"https:\\\/\\\/passdeck.de\\\/wp-content\\\/uploads\\\/2020\\\/07\\\/Illustration_features_passdeck.png\",\"datePublished\":\"2020-07-23T12:01:42+00:00\",\"dateModified\":\"2026-03-04T13:09:38+00:00\",\"description\":\"ZENKER DESIGN, Europaplatz 2, 10557 Berlin. KONTAKT: Tel.: +49 (30)2332636-20, Fax: +49 (30)2332636-21, E-Mail: kontakt@passdeck.de\",\"breadcrumb\":{\"@id\":\"https:\\\/\\\/passdeck.de\\\/impressum\\\/#breadcrumb\"},\"inLanguage\":\"en-US\",\"potentialAction\":[{\"@type\":\"ReadAction\",\"target\":[\"https:\\\/\\\/passdeck.de\\\/impressum\\\/\"]}]},{\"@type\":\"ImageObject\",\"inLanguage\":\"en-US\",\"@id\":\"https:\\\/\\\/passdeck.de\\\/impressum\\\/#primaryimage\",\"url\":\"https:\\\/\\\/passdeck.de\\\/wp-content\\\/uploads\\\/2020\\\/07\\\/Illustration_features_passdeck.png\",\"contentUrl\":\"https:\\\/\\\/passdeck.de\\\/wp-content\\\/uploads\\\/2020\\\/07\\\/Illustration_features_passdeck.png\",\"width\":781,\"height\":952,\"caption\":\"Header Illustration - PASSDECK professionelle Powerpoint Pr\u00e4sentation in Berlin\"},{\"@type\":\"BreadcrumbList\",\"@id\":\"https:\\\/\\\/passdeck.de\\\/impressum\\\/#breadcrumb\",\"itemListElement\":[{\"@type\":\"ListItem\",\"position\":1,\"name\":\"Startseite\",\"item\":\"https:\\\/\\\/passdeck.de\\\/de\\\/\"},{\"@type\":\"ListItem\",\"position\":2,\"name\":\"Impressum\"}]},{\"@type\":\"WebSite\",\"@id\":\"https:\\\/\\\/passdeck.de\\\/#website\",\"url\":\"https:\\\/\\\/passdeck.de\\\/\",\"name\":\"PassDeck\",\"description\":\"Where slides win deals.\",\"publisher\":{\"@id\":\"https:\\\/\\\/passdeck.de\\\/#organization\"},\"potentialAction\":[{\"@type\":\"SearchAction\",\"target\":{\"@type\":\"EntryPoint\",\"urlTemplate\":\"https:\\\/\\\/passdeck.de\\\/?s={search_term_string}\"},\"query-input\":{\"@type\":\"PropertyValueSpecification\",\"valueRequired\":true,\"valueName\":\"search_term_string\"}}],\"inLanguage\":\"en-US\"},{\"@type\":\"Organization\",\"@id\":\"https:\\\/\\\/passdeck.de\\\/#organization\",\"name\":\"PassDeck\",\"url\":\"https:\\\/\\\/passdeck.de\\\/\",\"logo\":{\"@type\":\"ImageObject\",\"inLanguage\":\"en-US\",\"@id\":\"https:\\\/\\\/passdeck.de\\\/#\\\/schema\\\/logo\\\/image\\\/\",\"url\":\"https:\\\/\\\/passdeck.de\\\/wp-content\\\/uploads\\\/2022\\\/08\\\/cropped-Linkedin_logo-scaled-1.jpg\",\"contentUrl\":\"https:\\\/\\\/passdeck.de\\\/wp-content\\\/uploads\\\/2022\\\/08\\\/cropped-Linkedin_logo-scaled-1.jpg\",\"width\":512,\"height\":512,\"caption\":\"PassDeck\"},\"image\":{\"@id\":\"https:\\\/\\\/passdeck.de\\\/#\\\/schema\\\/logo\\\/image\\\/\"},\"sameAs\":[\"https:\\\/\\\/www.facebook.com\\\/passdeck\\\/\",\"https:\\\/\\\/www.instagram.com\\\/passdeck.de\\\/\",\"https:\\\/\\\/www.linkedin.com\\\/company\\\/passdeck\"]}]}<\/script>\n<!-- \/ Yoast SEO plugin. -->","yoast_head_json":{"title":"Imprint - PassDeck","description":"ZENKER DESIGN, Europaplatz 2, 10557 Berlin. CONTACT: Tel.: +49 (30)2332636-20, Fax: +49 (30)2332636-21, E-Mail: kontakt@passdeck.de","robots":{"index":"index","follow":"follow","max-snippet":"max-snippet:-1","max-image-preview":"max-image-preview:large","max-video-preview":"max-video-preview:-1"},"canonical":"https:\/\/passdeck.de\/en\/imprint\/","og_locale":"en_US","og_type":"article","og_title":"Impressum - PassDeck","og_description":"ZENKER DESIGN, Europaplatz 2, 10557 Berlin. KONTAKT: Tel.: +49 (30)2332636-20, Fax: +49 (30)2332636-21, E-Mail: kontakt@passdeck.de","og_url":"https:\/\/passdeck.de\/en\/imprint\/","og_site_name":"PassDeck","article_publisher":"https:\/\/www.facebook.com\/passdeck\/","article_modified_time":"2026-03-04T13:09:38+00:00","og_image":[{"width":781,"height":952,"url":"https:\/\/passdeck.de\/wp-content\/uploads\/2020\/07\/Illustration_features_passdeck.png","type":"image\/png"}],"twitter_card":"summary_large_image","twitter_misc":{"Est. reading time":"3 minutes"},"schema":{"@context":"https:\/\/schema.org","@graph":[{"@type":"WebPage","@id":"https:\/\/passdeck.de\/impressum\/","url":"https:\/\/passdeck.de\/impressum\/","name":"Imprint - PassDeck","isPartOf":{"@id":"https:\/\/passdeck.de\/#website"},"primaryImageOfPage":{"@id":"https:\/\/passdeck.de\/impressum\/#primaryimage"},"image":{"@id":"https:\/\/passdeck.de\/impressum\/#primaryimage"},"thumbnailUrl":"https:\/\/passdeck.de\/wp-content\/uploads\/2020\/07\/Illustration_features_passdeck.png","datePublished":"2020-07-23T12:01:42+00:00","dateModified":"2026-03-04T13:09:38+00:00","description":"ZENKER DESIGN, Europaplatz 2, 10557 Berlin. CONTACT: Tel.: +49 (30)2332636-20, Fax: +49 (30)2332636-21, E-Mail: kontakt@passdeck.de","breadcrumb":{"@id":"https:\/\/passdeck.de\/impressum\/#breadcrumb"},"inLanguage":"en-US","potentialAction":[{"@type":"ReadAction","target":["https:\/\/passdeck.de\/impressum\/"]}]},{"@type":"ImageObject","inLanguage":"en-US","@id":"https:\/\/passdeck.de\/impressum\/#primaryimage","url":"https:\/\/passdeck.de\/wp-content\/uploads\/2020\/07\/Illustration_features_passdeck.png","contentUrl":"https:\/\/passdeck.de\/wp-content\/uploads\/2020\/07\/Illustration_features_passdeck.png","width":781,"height":952,"caption":"Header Illustration - PASSDECK professionelle Powerpoint Pr\u00e4sentation in Berlin"},{"@type":"BreadcrumbList","@id":"https:\/\/passdeck.de\/impressum\/#breadcrumb","itemListElement":[{"@type":"ListItem","position":1,"name":"Startseite","item":"https:\/\/passdeck.de\/de\/"},{"@type":"ListItem","position":2,"name":"Impressum"}]},{"@type":"WebSite","@id":"https:\/\/passdeck.de\/#website","url":"https:\/\/passdeck.de\/","name":"PassDeck","description":"Where slides win deals.","publisher":{"@id":"https:\/\/passdeck.de\/#organization"},"potentialAction":[{"@type":"SearchAction","target":{"@type":"EntryPoint","urlTemplate":"https:\/\/passdeck.de\/?s={search_term_string}"},"query-input":{"@type":"PropertyValueSpecification","valueRequired":true,"valueName":"search_term_string"}}],"inLanguage":"en-US"},{"@type":"Organization","@id":"https:\/\/passdeck.de\/#organization","name":"PassDeck","url":"https:\/\/passdeck.de\/","logo":{"@type":"ImageObject","inLanguage":"en-US","@id":"https:\/\/passdeck.de\/#\/schema\/logo\/image\/","url":"https:\/\/passdeck.de\/wp-content\/uploads\/2022\/08\/cropped-Linkedin_logo-scaled-1.jpg","contentUrl":"https:\/\/passdeck.de\/wp-content\/uploads\/2022\/08\/cropped-Linkedin_logo-scaled-1.jpg","width":512,"height":512,"caption":"PassDeck"},"image":{"@id":"https:\/\/passdeck.de\/#\/schema\/logo\/image\/"},"sameAs":["https:\/\/www.facebook.com\/passdeck\/","https:\/\/www.instagram.com\/passdeck.de\/","https:\/\/www.linkedin.com\/company\/passdeck"]}]}},"_links":{"self":[{"href":"https:\/\/passdeck.de\/en\/wp-json\/wp\/v2\/pages\/939","targetHints":{"allow":["GET"]}}],"collection":[{"href":"https:\/\/passdeck.de\/en\/wp-json\/wp\/v2\/pages"}],"about":[{"href":"https:\/\/passdeck.de\/en\/wp-json\/wp\/v2\/types\/page"}],"author":[{"embeddable":true,"href":"https:\/\/passdeck.de\/en\/wp-json\/wp\/v2\/users\/1"}],"replies":[{"embeddable":true,"href":"https:\/\/passdeck.de\/en\/wp-json\/wp\/v2\/comments?post=939"}],"version-history":[{"count":44,"href":"https:\/\/passdeck.de\/en\/wp-json\/wp\/v2\/pages\/939\/revisions"}],"predecessor-version":[{"id":5589,"href":"https:\/\/passdeck.de\/en\/wp-json\/wp\/v2\/pages\/939\/revisions\/5589"}],"wp:featuredmedia":[{"embeddable":true,"href":"https:\/\/passdeck.de\/en\/wp-json\/wp\/v2\/media\/809"}],"wp:attachment":[{"href":"https:\/\/passdeck.de\/en\/wp-json\/wp\/v2\/media?parent=939"}],"curies":[{"name":"wp","href":"https:\/\/api.w.org\/{rel}","templated":true}]}}